{"id":8400,"date":"2025-11-03T11:06:22","date_gmt":"2025-11-03T11:06:22","guid":{"rendered":"https:\/\/modello.be\/index.php\/about\/"},"modified":"2025-11-04T14:35:50","modified_gmt":"2025-11-04T14:35:50","slug":"about","status":"publish","type":"page","link":"https:\/\/modello.be\/index.php\/about\/","title":{"rendered":"A propos"},"content":{"rendered":"\t\t<div data-elementor-type=\"wp-page\" data-elementor-id=\"8400\" class=\"elementor elementor-8400\">\n\t\t\t\t<div class=\"elementor-element elementor-element-724a832a e-flex e-con-boxed elementor-invisible e-con e-parent\" data-id=\"724a832a\" data-element_type=\"container\" data-e-type=\"container\" data-settings=\"{&quot;animation&quot;:&quot;fadeIn&quot;}\">\n\t\t\t\t\t<div class=\"e-con-inner\">\n\t\t\t\t<div class=\"elementor-element elementor-element-2a0f319d elementor-widget elementor-widget-flex-hero\" data-id=\"2a0f319d\" data-element_type=\"widget\" data-e-type=\"widget\" data-settings=\"{&quot;layout_preset&quot;:&quot;storytelling&quot;,&quot;primary_button_shape&quot;:&quot;default&quot;,&quot;image_shape&quot;:&quot;sharp&quot;,&quot;box_shape&quot;:&quot;sharp&quot;}\" data-widget_type=\"flex-hero.default\">\n\t\t\t\t<div class=\"elementor-widget-container\">\n\t\t\t\t\t\t\t<div class=\"has-shape-sharp shape-type-box ehp-flex-hero has-layout-preset-storytelling\">\n\t\t\t\t\t\t<div class=\"ehp-flex-hero__overlay\"><\/div>\n\t\t\t<div class=\"ehp-flex-hero__content-container\">\n\t\t\t\t<p class=\"ehp-flex-hero__intro\">Meubles Modello<\/p><h2 class=\"ehp-flex-hero__heading\">un peu de nous...<\/h2>\t\t\t<div class=\"ehp-flex-hero__ctas-container\">\n\t\t\t\t\t\t\t\t\t\t\t<\/div>\n\t\t\t\t\t<\/div>\n\t\t\t\t<div class=\"ehp-flex-hero__image-wrapper\">\n\t\t\t\t<\/div>\n\t\t\t\t<\/div>\n\t\t\t\t\t\t<\/div>\n\t\t\t\t<\/div>\n\t\t\t\t\t<\/div>\n\t\t\t\t<\/div>\n\t\t<div class=\"elementor-element elementor-element-f6711c6 e-flex e-con-boxed e-con e-parent\" data-id=\"f6711c6\" data-element_type=\"container\" data-e-type=\"container\">\n\t\t\t\t\t<div class=\"e-con-inner\">\n\t\t\t\t<div class=\"elementor-element elementor-element-f865925 elementor-widget elementor-widget-spacer\" data-id=\"f865925\" data-element_type=\"widget\" data-e-type=\"widget\" data-widget_type=\"spacer.default\">\n\t\t\t\t\t\t\t<div class=\"elementor-spacer\">\n\t\t\t<div class=\"elementor-spacer-inner\"><\/div>\n\t\t<\/div>\n\t\t\t\t\t\t<\/div>\n\t\t\t\t\t<\/div>\n\t\t\t\t<\/div>\n\t\t<div class=\"elementor-element elementor-element-c6a1427 e-flex e-con-boxed e-con e-parent\" data-id=\"c6a1427\" data-element_type=\"container\" data-e-type=\"container\">\n\t\t\t\t\t<div class=\"e-con-inner\">\n\t\t\t\t<div class=\"elementor-element elementor-element-9aa2ba6 elementor-widget elementor-widget-spacer\" data-id=\"9aa2ba6\" data-element_type=\"widget\" data-e-type=\"widget\" data-widget_type=\"spacer.default\">\n\t\t\t\t\t\t\t<div class=\"elementor-spacer\">\n\t\t\t<div class=\"elementor-spacer-inner\"><\/div>\n\t\t<\/div>\n\t\t\t\t\t\t<\/div>\n\t\t\t\t\t<\/div>\n\t\t\t\t<\/div>\n\t\t<div class=\"elementor-element elementor-element-a6edb1a e-flex e-con-boxed e-con e-parent\" data-id=\"a6edb1a\" data-element_type=\"container\" data-e-type=\"container\">\n\t\t\t\t\t<div class=\"e-con-inner\">\n\t\t\t\t<div class=\"elementor-element elementor-element-944cc86 elementor-widget elementor-widget-zigzag\" data-id=\"944cc86\" data-element_type=\"widget\" data-e-type=\"widget\" data-settings=\"{&quot;image_shape&quot;:&quot;sharp&quot;}\" data-widget_type=\"zigzag.default\">\n\t\t\t\t<div class=\"elementor-widget-container\">\n\t\t\t\t\t\t\t<div class=\"ehp-zigzag has-direction-start\">\n\t\t\t\t\t\t\t<div class=\"ehp-zigzag__item-wrapper\">\n\t\t\t\t\t<div class=\"ehp-zigzag__item-container\">\n\t\t\t\t\t\t\t\t<div class=\"ehp-zigzag__graphic-element-container has-image\">\n\t\t\t\t\t\t<div class=\"ehp-image ehp-zigzag__image-container\">\n\t\t\t\t<img decoding=\"async\" class=\"ehp-image__img ehp-zigzag__img has-shape-sharp shape-type-image\" src=\"https:\/\/modello.be\/wp-content\/uploads\/2025\/11\/anais2_kopie.webp\" title=\"anais2_kopie\" alt=\"anais2_kopie\" loading=\"lazy\" \/>\t\t\t<\/div>\n\t\t\t\t\t<\/div>\n\t\t\t\t<div class=\"ehp-zigzag__text-container is-graphic-image\">\n\t\t\t<h2 class=\"ehp-zigzag__title\">\u00c9tat d'esprit<\/h2><p class=\"ehp-zigzag__description\">N\u00e9 d\u2019une passion pour le beau et le bien fait, Modello incarne un savoir-faire attentif et une esth\u00e9tique raffin\u00e9e. Chaque pi\u00e8ce raconte une histoire : celle de la simplicit\u00e9, du soin et du respect de la mati\u00e8re comme de la personne qui la porte.<\/p>\t\t<div class=\"ehp-zigzag__button-container\">\n\t\t\t<a class=\"ehp-button ehp-button--primary ehp-zigzag__button ehp-zigzag__button--primary is-type-link\">\n\t\t\t\t<span class=\"ehp-zigzag__button-text\">En savoir plus<\/span>\t\t\t\t\t<\/a>\n\t\t<\/div>\n\t\t\t\t<\/div>\n\t\t\t\t\t\t\t<\/div>\n\t\t\t\t<\/div>\n\t\t\t\t\t\t\t\t<div class=\"ehp-zigzag__item-wrapper\">\n\t\t\t\t\t<div class=\"ehp-zigzag__item-container\">\n\t\t\t\t\t\t\t\t<div class=\"ehp-zigzag__graphic-element-container has-image\">\n\t\t\t\t\t\t<div class=\"ehp-image ehp-zigzag__image-container ehp-image ehp-zigzag__image-container\">\n\t\t\t\t<img decoding=\"async\" class=\"ehp-image__img ehp-zigzag__img has-shape-sharp shape-type-image\" src=\"https:\/\/modello.be\/wp-content\/uploads\/2025\/10\/THEMA_BEI_DARWIN-1.jpg\" title=\"THEMA_BEI_DARWIN (1)\" alt=\"THEMA_BEI_DARWIN (1)\" loading=\"lazy\" \/>\t\t\t<\/div>\n\t\t\t\t\t<\/div>\n\t\t\t\t<div class=\"ehp-zigzag__text-container is-graphic-image\">\n\t\t\t<h2 class=\"ehp-zigzag__title\">Plus de 30 ans d'exp\u00e9rience<\/h2><p class=\"ehp-zigzag__description\">Modello est une soci\u00e9t\u00e9 familiale forte de plus de 30 ans d\u2019exp\u00e9rience, b\u00e2tie sur la passion, le savoir-faire et la confiance.<\/p>\t\t<div class=\"ehp-zigzag__button-container ehp-zigzag__button-container\">\n\t\t\t<a class=\"ehp-button ehp-button--primary ehp-zigzag__button ehp-zigzag__button--primary is-type-link\">\n\t\t\t\t<span class=\"ehp-zigzag__button-text\">En savoir plus<\/span>\t\t\t\t\t<\/a>\n\t\t<\/div>\n\t\t\t\t<\/div>\n\t\t\t\t\t\t\t<\/div>\n\t\t\t\t<\/div>\n\t\t\t\t\t\t\t\t<div class=\"ehp-zigzag__item-wrapper\">\n\t\t\t\t\t<div class=\"ehp-zigzag__item-container\">\n\t\t\t\t\t\t\t\t<div class=\"ehp-zigzag__graphic-element-container has-image\">\n\t\t\t\t\t\t<div class=\"ehp-image ehp-zigzag__image-container ehp-image ehp-zigzag__image-container ehp-image ehp-zigzag__image-container\">\n\t\t\t\t<img decoding=\"async\" class=\"ehp-image__img ehp-zigzag__img has-shape-sharp shape-type-image\" src=\"https:\/\/modello.be\/wp-content\/uploads\/2024\/10\/Cosmo-Amiri-Offwhite-3-scaled.jpg\" title=\"Cosmo &#8211; Amiri &#8211; Offwhite (3)\" alt=\"Cosmo - Amiri - Offwhite (3)\" loading=\"lazy\" \/>\t\t\t<\/div>\n\t\t\t\t\t<\/div>\n\t\t\t\t<div class=\"ehp-zigzag__text-container is-graphic-image\">\n\t\t\t<h2 class=\"ehp-zigzag__title\">A votre \u00e9coute <\/h2><p class=\"ehp-zigzag__description\">L\u2019\u00e9coute est au centre de notre d\u00e9marche : chaque projet commence par comprendre nos clients, pour cr\u00e9er avec eux et pour eux.<\/p>\t\t<div class=\"ehp-zigzag__button-container ehp-zigzag__button-container ehp-zigzag__button-container\">\n\t\t\t<a class=\"ehp-button ehp-button--primary ehp-zigzag__button ehp-zigzag__button--primary is-type-link\">\n\t\t\t\t<span class=\"ehp-zigzag__button-text\">En savoir plus<\/span>\t\t\t\t\t<\/a>\n\t\t<\/div>\n\t\t\t\t<\/div>\n\t\t\t\t\t\t\t<\/div>\n\t\t\t\t<\/div>\n\t\t\t\t\t\t\t\t<div class=\"ehp-zigzag__item-wrapper\">\n\t\t\t\t\t<div class=\"ehp-zigzag__item-container\">\n\t\t\t\t\t\t\t\t<div class=\"ehp-zigzag__graphic-element-container has-image\">\n\t\t\t\t\t\t<div class=\"ehp-image ehp-zigzag__image-container ehp-image ehp-zigzag__image-container ehp-image ehp-zigzag__image-container ehp-image ehp-zigzag__image-container\">\n\t\t\t\t<img decoding=\"async\" class=\"ehp-image__img ehp-zigzag__img has-shape-sharp shape-type-image\" src=\"https:\/\/modello.be\/wp-content\/uploads\/2024\/05\/Matheo-Luando-Silver-3-scaled.jpg\" title=\"Matheo &#8211; Luando &#8211; Silver (3)\" alt=\"Matheo - Luando - Silver (3)\" loading=\"lazy\" \/>\t\t\t<\/div>\n\t\t\t\t\t<\/div>\n\t\t\t\t<div class=\"ehp-zigzag__text-container is-graphic-image\">\n\t\t\t<h2 class=\"ehp-zigzag__title\">Nos points forts<\/h2><p class=\"ehp-zigzag__description\">Modello s\u2019appuie sur un savoir-faire solide, un sens du service exemplaire et une \u00e9coute attentive, pour offrir \u00e0 chaque client une exp\u00e9rience \u00e0 la fois professionnelle et humaine.<\/p>\t\t<div class=\"ehp-zigzag__button-container ehp-zigzag__button-container ehp-zigzag__button-container ehp-zigzag__button-container\">\n\t\t\t<a class=\"ehp-button ehp-button--primary ehp-zigzag__button ehp-zigzag__button--primary is-type-link\">\n\t\t\t\t<span class=\"ehp-zigzag__button-text\">En savoir plus<\/span>\t\t\t\t\t<\/a>\n\t\t<\/div>\n\t\t\t\t<\/div>\n\t\t\t\t\t\t\t<\/div>\n\t\t\t\t<\/div>\n\t\t\t\t\t\t\t<\/div>\n\t\t\t\t\t\t<\/div>\n\t\t\t\t<\/div>\n\t\t\t\t\t<\/div>\n\t\t\t\t<\/div>\n\t\t<div class=\"elementor-element elementor-element-bc803ec e-flex e-con-boxed e-con e-parent\" data-id=\"bc803ec\" data-element_type=\"container\" data-e-type=\"container\">\n\t\t\t\t\t<div class=\"e-con-inner\">\n\t\t\t\t<div class=\"elementor-element elementor-element-a8db1b6 elementor-widget elementor-widget-spacer\" data-id=\"a8db1b6\" data-element_type=\"widget\" data-e-type=\"widget\" data-widget_type=\"spacer.default\">\n\t\t\t\t\t\t\t<div class=\"elementor-spacer\">\n\t\t\t<div class=\"elementor-spacer-inner\"><\/div>\n\t\t<\/div>\n\t\t\t\t\t\t<\/div>\n\t\t\t\t\t<\/div>\n\t\t\t\t<\/div>\n\t\t\t\t<\/div>\n\t\t","protected":false},"excerpt":{"rendered":"<p>Meubles Modello un peu de nous&#8230; \u00c9tat d&#8217;esprit N\u00e9 d\u2019une passion pour le beau et le bien fait, Modello incarne un savoir-faire attentif et une esth\u00e9tique raffin\u00e9e. Chaque pi\u00e8ce raconte une histoire : celle de la simplicit\u00e9, du soin et du respect de la mati\u00e8re comme de la personne qui la porte. En savoir plus&hellip; <a class=\"more-link\" href=\"https:\/\/modello.be\/index.php\/about\/\">Poursuivre la lecture <span class=\"screen-reader-text\">A propos<\/span><\/a><\/p>\n","protected":false},"author":1,"featured_media":0,"parent":0,"menu_order":0,"comment_status":"closed","ping_status":"closed","template":"elementor_header_footer","meta":{"_eb_attr":"","footnotes":""},"class_list":["post-8400","page","type-page","status-publish","hentry","entry"],"jetpack_sharing_enabled":true,"_links":{"self":[{"href":"https:\/\/modello.be\/index.php\/wp-json\/wp\/v2\/pages\/8400","targetHints":{"allow":["GET"]}}],"collection":[{"href":"https:\/\/modello.be\/index.php\/wp-json\/wp\/v2\/pages"}],"about":[{"href":"https:\/\/modello.be\/index.php\/wp-json\/wp\/v2\/types\/page"}],"author":[{"embeddable":true,"href":"https:\/\/modello.be\/index.php\/wp-json\/wp\/v2\/users\/1"}],"replies":[{"embeddable":true,"href":"https:\/\/modello.be\/index.php\/wp-json\/wp\/v2\/comments?post=8400"}],"version-history":[{"count":64,"href":"https:\/\/modello.be\/index.php\/wp-json\/wp\/v2\/pages\/8400\/revisions"}],"predecessor-version":[{"id":8620,"href":"https:\/\/modello.be\/index.php\/wp-json\/wp\/v2\/pages\/8400\/revisions\/8620"}],"wp:attachment":[{"href":"https:\/\/modello.be\/index.php\/wp-json\/wp\/v2\/media?parent=8400"}],"curies":[{"name":"wp","href":"https:\/\/api.w.org\/{rel}","templated":true}]}}