{"id":8287,"date":"2025-10-27T10:26:41","date_gmt":"2025-10-27T10:26:41","guid":{"rendered":"https:\/\/modello.be\/?page_id=8287"},"modified":"2025-11-05T14:50:08","modified_gmt":"2025-11-05T14:50:08","slug":"elementor-8287","status":"publish","type":"page","link":"https:\/\/modello.be\/index.php\/elementor-8287\/","title":{"rendered":"Catalogues"},"content":{"rendered":"\t\t<div data-elementor-type=\"wp-page\" data-elementor-id=\"8287\" class=\"elementor elementor-8287\">\n\t\t\t\t<div class=\"elementor-element elementor-element-8e803e6 e-flex e-con-boxed e-con e-parent\" data-id=\"8e803e6\" data-element_type=\"container\" data-e-type=\"container\">\n\t\t\t\t\t<div class=\"e-con-inner\">\n\t\t\t\t\t<\/div>\n\t\t\t\t<\/div>\n\t\t<div class=\"elementor-element elementor-element-d84dd18 e-flex e-con-boxed e-con e-parent\" data-id=\"d84dd18\" data-element_type=\"container\" data-e-type=\"container\">\n\t\t\t\t\t<div class=\"e-con-inner\">\n\t\t\t\t<div class=\"elementor-element elementor-element-1a0e8c1 elementor-widget elementor-widget-zigzag\" data-id=\"1a0e8c1\" data-element_type=\"widget\" data-e-type=\"widget\" data-settings=\"{&quot;image_shape&quot;:&quot;sharp&quot;}\" data-widget_type=\"zigzag.default\">\n\t\t\t\t<div class=\"elementor-widget-container\">\n\t\t\t\t\t\t\t<div class=\"ehp-zigzag has-direction-start\">\n\t\t\t\t\t\t\t<div class=\"ehp-zigzag__item-wrapper\">\n\t\t\t\t\t<div class=\"ehp-zigzag__item-container\">\n\t\t\t\t\t\t\t\t<div class=\"ehp-zigzag__graphic-element-container has-image\">\n\t\t\t\t\t\t<div class=\"ehp-image ehp-zigzag__image-container\">\n\t\t\t\t<img decoding=\"async\" class=\"ehp-image__img ehp-zigzag__img has-shape-sharp shape-type-image\" src=\"https:\/\/modello.be\/wp-content\/uploads\/2025\/10\/FEED-oktober-002-1.png\" title=\"FEED-oktober-002 (1)\" alt=\"FEED-oktober-002 (1)\" loading=\"lazy\" \/>\t\t\t<\/div>\n\t\t\t\t\t<\/div>\n\t\t\t\t<div class=\"ehp-zigzag__text-container is-graphic-image\">\n\t\t\t<h2 class=\"ehp-zigzag__title\">Catalogue XOOON<\/h2><p class=\"ehp-zigzag__description\">Les meubles design prononc\u00e9s donnent du caract\u00e8re \u00e0 votre int\u00e9rieur. Avec XOOON, vous obtenez ce produit unique. Notre collection est inspir\u00e9e par le monde qui nous entoure. Formes, couleurs, textures et mat\u00e9riaux de la nature, rassembl\u00e9s dans nos propres cr\u00e9ations issues du sol N\u00e9erlandais. Derri\u00e8re chaque design se cache un designer qui a une id\u00e9e, un amour du design et un sens du d\u00e9tail. Ils ont une chose en commun: le d\u00e9sir de vous offrir un meuble exclusif et surtout abordable. Parce que nous voulons vous inspirer. Osez \u00eatre diff\u00e9rent! Combinez vos go\u00fbts avec notre mobilier design unique et cr\u00e9ez votre propre style!\u201d<\/p>\t\t<div class=\"ehp-zigzag__button-container\">\n\t\t\t<a class=\"ehp-button ehp-button--primary ehp-zigzag__button ehp-zigzag__button--primary is-type-link\" href=\"https:\/\/www.xooon.be\/fr-be\/nouveau-depliant\/\">\n\t\t\t\t<span class=\"ehp-zigzag__button-text\">Voir le d\u00e9pliant<\/span>\t\t\t\t\t<\/a>\n\t\t<\/div>\n\t\t\t\t<\/div>\n\t\t\t\t\t\t\t<\/div>\n\t\t\t\t<\/div>\n\t\t\t\t\t\t\t\t<div class=\"ehp-zigzag__item-wrapper\">\n\t\t\t\t\t<div class=\"ehp-zigzag__item-container\">\n\t\t\t\t\t\t\t\t<div class=\"ehp-zigzag__graphic-element-container has-image\">\n\t\t\t\t\t\t<div class=\"ehp-image ehp-zigzag__image-container ehp-image ehp-zigzag__image-container\">\n\t\t\t\t<img decoding=\"async\" class=\"ehp-image__img ehp-zigzag__img has-shape-sharp shape-type-image\" src=\"https:\/\/modello.be\/wp-content\/uploads\/2025\/10\/1909_insta_moodboard_slide3.jpg\" title=\"1909_insta_moodboard_slide3\" alt=\"1909_insta_moodboard_slide3\" loading=\"lazy\" \/>\t\t\t<\/div>\n\t\t\t\t\t<\/div>\n\t\t\t\t<div class=\"ehp-zigzag__text-container is-graphic-image\">\n\t\t\t<h2 class=\"ehp-zigzag__title\">Catalogue H&amp;H<\/h2><p class=\"ehp-zigzag__description\">Depuis 2004, Henders &amp; Hazel est connu comme Cr\u00e9ateur d\u2019int\u00e9rieurs. Depuis lors, nous avons bien grandi jusqu\u2019\u00e0 devenir une organisation de franchises avec pr\u00e8s de 300 points de vente en Europe, dont 33 en Belgique.\n\nNotre collection est contemporaine et vari\u00e9e. Chaque ann\u00e9e, nous introduisons de nouvelles collections comportant des meubles uniques et pour tous les go\u00fbts. Notre base se compose de 4 styles d\u2019am\u00e9nagement : moderne, industriel, authentique et naturel.\n\nVous souhaitez recevoir des conseils personnalis\u00e9s ? Vous \u00eates toujours les bienvenus dans l\u2019un de nos points de vente o\u00f9 nos collaborateurs exp\u00e9riment\u00e9s se feront un plaisir de vous aider. Notre priorit\u00e9 : votre confort !<\/p>\t\t<div class=\"ehp-zigzag__button-container ehp-zigzag__button-container\">\n\t\t\t<a class=\"ehp-button ehp-button--primary ehp-zigzag__button ehp-zigzag__button--primary is-type-link\" href=\"https:\/\/www.hendersandhazel.be\/fr-be\/\">\n\t\t\t\t<span class=\"ehp-zigzag__button-text\">Voir le d\u00e9pliant<\/span>\t\t\t\t\t<\/a>\n\t\t<\/div>\n\t\t\t\t<\/div>\n\t\t\t\t\t\t\t<\/div>\n\t\t\t\t<\/div>\n\t\t\t\t\t\t\t<\/div>\n\t\t\t\t\t\t<\/div>\n\t\t\t\t<\/div>\n\t\t\t\t\t<\/div>\n\t\t\t\t<\/div>\n\t\t\t\t<\/div>\n\t\t","protected":false},"excerpt":{"rendered":"<p>Catalogue XOOON Les meubles design prononc\u00e9s donnent du caract\u00e8re \u00e0 votre int\u00e9rieur. Avec XOOON, vous obtenez ce produit unique. Notre collection est inspir\u00e9e par le monde qui nous entoure. Formes, couleurs, textures et mat\u00e9riaux de la nature, rassembl\u00e9s dans nos propres cr\u00e9ations issues du sol N\u00e9erlandais. Derri\u00e8re chaque design se cache un designer qui a&hellip; <a class=\"more-link\" href=\"https:\/\/modello.be\/index.php\/elementor-8287\/\">Poursuivre la lecture <span class=\"screen-reader-text\">Catalogues<\/span><\/a><\/p>\n","protected":false},"author":1,"featured_media":0,"parent":0,"menu_order":0,"comment_status":"closed","ping_status":"closed","template":"","meta":{"_eb_attr":"","footnotes":""},"class_list":["post-8287","page","type-page","status-publish","hentry","entry"],"jetpack_sharing_enabled":true,"_links":{"self":[{"href":"https:\/\/modello.be\/index.php\/wp-json\/wp\/v2\/pages\/8287","targetHints":{"allow":["GET"]}}],"collection":[{"href":"https:\/\/modello.be\/index.php\/wp-json\/wp\/v2\/pages"}],"about":[{"href":"https:\/\/modello.be\/index.php\/wp-json\/wp\/v2\/types\/page"}],"author":[{"embeddable":true,"href":"https:\/\/modello.be\/index.php\/wp-json\/wp\/v2\/users\/1"}],"replies":[{"embeddable":true,"href":"https:\/\/modello.be\/index.php\/wp-json\/wp\/v2\/comments?post=8287"}],"version-history":[{"count":46,"href":"https:\/\/modello.be\/index.php\/wp-json\/wp\/v2\/pages\/8287\/revisions"}],"predecessor-version":[{"id":8640,"href":"https:\/\/modello.be\/index.php\/wp-json\/wp\/v2\/pages\/8287\/revisions\/8640"}],"wp:attachment":[{"href":"https:\/\/modello.be\/index.php\/wp-json\/wp\/v2\/media?parent=8287"}],"curies":[{"name":"wp","href":"https:\/\/api.w.org\/{rel}","templated":true}]}}